{"id":1732,"date":"2020-11-11T22:42:49","date_gmt":"2020-11-11T21:42:49","guid":{"rendered":"https:\/\/www.staging2.rumag.com\/om\/"},"modified":"2025-10-31T09:15:59","modified_gmt":"2025-10-31T08:15:59","slug":"about","status":"publish","type":"page","link":"https:\/\/rumag.com\/en\/about\/","title":{"rendered":"About us"},"content":{"rendered":"<p>[et_pb_section fb_built=&#8221;1&#8243; _builder_version=&#8221;4.16&#8243; _module_preset=&#8221;default&#8221; background_color=&#8221;#1a1a1a&#8221; global_colors_info=&#8221;{}&#8221;][et_pb_row column_structure=&#8221;3_4,1_4&#8243; _builder_version=&#8221;4.16&#8243; _module_preset=&#8221;default&#8221; width=&#8221;90%&#8221; max_width=&#8221;1680px&#8221; custom_padding=&#8221;||0px||false|false&#8221; global_colors_info=&#8221;{}&#8221;][et_pb_column type=&#8221;3_4&#8243; _builder_version=&#8221;4.16&#8243; _module_preset=&#8221;default&#8221; global_colors_info=&#8221;{}&#8221;][et_pb_text _builder_version=&#8221;4.16&#8243; _module_preset=&#8221;11cc6ed3-103b-434a-b071-d7c0abc45071&#8243; header_font_size=&#8221;50px&#8221; header_line_height=&#8221;60px&#8221; header_line_height_tablet=&#8221;&#8221; header_line_height_phone=&#8221;&#8221; header_line_height_last_edited=&#8221;on|phone&#8221; global_colors_info=&#8221;{}&#8221;]<\/p>\n<h1>We are the leading signage and decor manufacturer in the south-west<\/h1>\n<p>[\/et_pb_text][et_pb_divider color=&#8221;#00aff5&#8243; divider_weight=&#8221;4px&#8221; _builder_version=&#8221;4.16&#8243; _module_preset=&#8221;default&#8221; width=&#8221;60px&#8221; max_width=&#8221;60px&#8221; global_colors_info=&#8221;{}&#8221;][\/et_pb_divider][\/et_pb_column][et_pb_column type=&#8221;1_4&#8243; _builder_version=&#8221;4.16&#8243; _module_preset=&#8221;default&#8221; global_colors_info=&#8221;{}&#8221;][\/et_pb_column][\/et_pb_row][et_pb_row column_structure=&#8221;1_2,1_2&#8243; _builder_version=&#8221;4.16&#8243; _module_preset=&#8221;default&#8221; width=&#8221;90%&#8221; max_width=&#8221;1680px&#8221; custom_padding=&#8221;||50px||false|false&#8221; global_colors_info=&#8221;{}&#8221;][et_pb_column type=&#8221;1_2&#8243; _builder_version=&#8221;4.16&#8243; _module_preset=&#8221;default&#8221; custom_padding=&#8221;||50px||false|false&#8221; global_colors_info=&#8221;{}&#8221;][et_pb_text _builder_version=&#8221;4.16&#8243; _module_preset=&#8221;default&#8221; text_text_color=&#8221;#dddddd&#8221; text_font_size=&#8221;20px&#8221; text_line_height=&#8221;1.8em&#8221; global_colors_info=&#8221;{}&#8221;]<\/p>\n<p>Ever since our humble beginnings in 1970, Rumag skilt og reklame have gained a lot of leverage in the field of signage. The immense number of projects have all of them been a part of our learning process. We have a leading position with an expertise within safety and information signage. On and offshore we deliver complete project solutions for big and small clients.<\/p>\n<p>Signage and d\u00e9cor is a vast product range and the possibilities for variations are many. We provide almost any solution available on the market and strive to be the preferred supplier of signage, banners, flag, rollups, vehicle wrapping and window graphics. No projects are too small or big.<\/p>\n<p>Being a partner of a Sign alliance also makes us more fit for any project.<\/p>\n<p>[\/et_pb_text][\/et_pb_column][et_pb_column type=&#8221;1_2&#8243; _builder_version=&#8221;4.16&#8243; _module_preset=&#8221;default&#8221; global_colors_info=&#8221;{}&#8221;][et_pb_image src=&#8221;https:\/\/rumag.com\/wp-content\/uploads\/2018\/07\/Rumag-9196.jpg&#8221; title_text=&#8221;Rumag 9196&#8243; _builder_version=&#8221;4.16&#8243; _module_preset=&#8221;default&#8221; animation_style=&#8221;fade&#8221; border_radii=&#8221;off|50px|||&#8221; border_radii_tablet=&#8221;off|0px|||&#8221; border_radii_phone=&#8221;&#8221; border_radii_last_edited=&#8221;on|tablet&#8221; global_colors_info=&#8221;{}&#8221;][\/et_pb_image][\/et_pb_column][\/et_pb_row][\/et_pb_section][et_pb_section fb_built=&#8221;1&#8243; disabled_on=&#8221;on|on|on&#8221; _builder_version=&#8221;4.16&#8243; _module_preset=&#8221;default&#8221; background_color=&#8221;#1a1a1a&#8221; use_background_color_gradient=&#8221;on&#8221; background_color_gradient_stops=&#8221;#111111 0%|#1a1a1a 100%&#8221; background_color_gradient_start=&#8221;#111111&#8243; background_color_gradient_end=&#8221;#1a1a1a&#8221; custom_padding=&#8221;||0px|||&#8221; disabled=&#8221;on&#8221; global_colors_info=&#8221;{}&#8221;][et_pb_row column_structure=&#8221;1_2,1_2&#8243; _builder_version=&#8221;4.16&#8243; _module_preset=&#8221;default&#8221; width=&#8221;90%&#8221; max_width=&#8221;1680px&#8221; custom_padding=&#8221;||50px||false|false&#8221; global_colors_info=&#8221;{}&#8221;][et_pb_column type=&#8221;1_2&#8243; _builder_version=&#8221;4.16&#8243; _module_preset=&#8221;default&#8221; global_colors_info=&#8221;{}&#8221;][et_pb_text _builder_version=&#8221;4.16&#8243; _module_preset=&#8221;11cc6ed3-103b-434a-b071-d7c0abc45071&#8243; header_text_color=&#8221;#a88a3f&#8221; header_2_text_color=&#8221;#a88a3f&#8221; global_colors_info=&#8221;{}&#8221;]<\/p>\n<h2>Montasje og installasjon<\/h2>\n<p>[\/et_pb_text][et_pb_text _builder_version=&#8221;4.16&#8243; _module_preset=&#8221;11cc6ed3-103b-434a-b071-d7c0abc45071&#8243; global_colors_info=&#8221;{}&#8221;]<\/p>\n<p>V\u00e5rt team av mont\u00f8rer har lang erfaring med montasje av skilt og dekorl\u00f8sninger. Ingen jobber er for h\u00f8yt og ingen er for sm\u00e5. Vi montere de fleste steder og s\u00f8rger alltid for en god og sikker installasjon som holder i mange \u00e5r. Vi g\u00e5r aldri p\u00e5 kompromiss med v\u00e5r egen eller andres sikkerhet.<\/p>\n<p>V\u00e5re mont\u00f8rer installerer der kunden har behov for installasjon, Stavanger, Rogaland, Norge, Europa, Asia. Vi har v\u00e6rt p\u00e5 de fleste steder.<\/p>\n<p>[\/et_pb_text][et_pb_text _builder_version=&#8221;4.16&#8243; _module_preset=&#8221;11cc6ed3-103b-434a-b071-d7c0abc45071&#8243; header_2_text_color=&#8221;#a88a3f&#8221; custom_padding=&#8221;50px||||false|false&#8221; global_colors_info=&#8221;{}&#8221;]<\/p>\n<h2>Design<\/h2>\n<p>[\/et_pb_text][et_pb_text _builder_version=&#8221;4.16&#8243; _module_preset=&#8221;11cc6ed3-103b-434a-b071-d7c0abc45071&#8243; global_colors_info=&#8221;{}&#8221;]Med egne designere p\u00e5 huset har vi stor faglig kompetanse for \u00e5 hjelpe deg med akkurat ditt behov. Det v\u00e6re seg sm\u00e5 enkle designoppgaver eller st\u00f8rre mer kompliserte kreative l\u00f8sninger. Du f\u00e5r alt fra en leverand\u00f8r med stort fokus p\u00e5 kvalitet.[\/et_pb_text][\/et_pb_column][et_pb_column type=&#8221;1_2&#8243; _builder_version=&#8221;4.16&#8243; _module_preset=&#8221;default&#8221; global_colors_info=&#8221;{}&#8221;][et_pb_image src=&#8221;https:\/\/rumag.com\/wp-content\/uploads\/2018\/07\/Rumag-9287.jpg&#8221; title_text=&#8221;Rumag 9287&#8243; _builder_version=&#8221;4.16&#8243; _module_preset=&#8221;default&#8221; animation_style=&#8221;fade&#8221; global_colors_info=&#8221;{}&#8221;][\/et_pb_image][\/et_pb_column][\/et_pb_row][et_pb_row column_structure=&#8221;1_2,1_2&#8243; _builder_version=&#8221;4.16&#8243; _module_preset=&#8221;default&#8221; width=&#8221;90%&#8221; max_width=&#8221;1680px&#8221; custom_padding=&#8221;50px||50px||false|false&#8221; global_colors_info=&#8221;{}&#8221;][et_pb_column type=&#8221;1_2&#8243; _builder_version=&#8221;4.16&#8243; _module_preset=&#8221;default&#8221; global_colors_info=&#8221;{}&#8221;][et_pb_text _builder_version=&#8221;4.16&#8243; _module_preset=&#8221;11cc6ed3-103b-434a-b071-d7c0abc45071&#8243; header_2_text_color=&#8221;#a88a3f&#8221; global_colors_info=&#8221;{}&#8221;]<\/p>\n<h2>Kvalitet og milj\u00f8<\/h2>\n<p>[\/et_pb_text][et_pb_text _builder_version=&#8221;4.16&#8243; _module_preset=&#8221;11cc6ed3-103b-434a-b071-d7c0abc45071&#8243; global_colors_info=&#8221;{}&#8221;]<\/p>\n<p>Som en av de aller f\u00f8rste og av de sv\u00e6rt f\u00e5 i Norge har vi siden 2016 v\u00e6rt sertifisert iht kvalitetstandarden ISO 9001:2015 og Milj\u00f8standarden ISO 14001:2015. I v\u00e5rt daglige virke har vi stort fokus p\u00e5 kvalitet, og v\u00e5r p\u00e5virkning p\u00e5 milj\u00f8et.<\/p>\n<p>Kvalitet i produkter, leveranser og kundeoppf\u00f8lging er v\u00e5re viktigste m\u00e5l. Vi jobber med kontinuerlig forbedring for hele virksomheten som skal komme v\u00e5re kunder til gode.<\/p>\n<p>Vi arbeider for \u00f8kt holdbarhet. Vi vil hele tiden strebe etter \u00e5 minimere milj\u00f8p\u00e5virkningen. R\u00e5varer, energi og andre ressurser skal brukes effektivt og med respekt for milj\u00f8et. Fokus p\u00e5 gjennvinning og gjenbruk. Milj\u00f8hensyn skal gjennomsyre hele verdikjeden og utgj\u00f8r en integrert del av v\u00e5re prosesser.<\/p>\n<p>[\/et_pb_text][\/et_pb_column][et_pb_column type=&#8221;1_2&#8243; _builder_version=&#8221;4.16&#8243; _module_preset=&#8221;default&#8221; global_colors_info=&#8221;{}&#8221;][et_pb_image src=&#8221;https:\/\/rumag.com\/wp-content\/uploads\/2018\/07\/Rumag-.jpg&#8221; title_text=&#8221;Rumag&#8221; _builder_version=&#8221;4.16&#8243; _module_preset=&#8221;default&#8221; animation_style=&#8221;fade&#8221; global_colors_info=&#8221;{}&#8221;][\/et_pb_image][\/et_pb_column][\/et_pb_row][\/et_pb_section][et_pb_section fb_built=&#8221;1&#8243; disabled_on=&#8221;off|off|off&#8221; _builder_version=&#8221;4.27.2&#8243; _module_preset=&#8221;default&#8221; use_background_color_gradient=&#8221;on&#8221; background_color_gradient_direction=&#8221;175deg&#8221; background_color_gradient_stops=&#8221;#1a1a1a 42%|#0082ba 100%&#8221; background_color_gradient_start=&#8221;#1a1a1a&#8221; background_color_gradient_start_position=&#8221;42%&#8221; background_color_gradient_end=&#8221;#0082ba&#8221; display_conditions=&#8221;W10=&#8221; custom_padding=&#8221;0px|||||&#8221; locked=&#8221;off&#8221; global_colors_info=&#8221;{}&#8221;][et_pb_row custom_padding_last_edited=&#8221;on|phone&#8221; _builder_version=&#8221;4.16&#8243; _module_preset=&#8221;default&#8221; width=&#8221;90%&#8221; max_width=&#8221;1680px&#8221; custom_margin=&#8221;||||false|false&#8221; custom_padding=&#8221;100px||||false|false&#8221; custom_padding_tablet=&#8221;50px||||false|false&#8221; custom_padding_phone=&#8221;&#8221; global_colors_info=&#8221;{}&#8221;][et_pb_column type=&#8221;4_4&#8243; _builder_version=&#8221;4.16&#8243; _module_preset=&#8221;default&#8221; global_colors_info=&#8221;{}&#8221;][et_pb_text _builder_version=&#8221;4.27.2&#8243; _module_preset=&#8221;11cc6ed3-103b-434a-b071-d7c0abc45071&#8243; header_2_text_color=&#8221;#a88a3f&#8221; global_colors_info=&#8221;{}&#8221;]<\/p>\n<h2>Sustainability,  Environmental and Quality Policy<\/h2>\n<p>[\/et_pb_text][et_pb_text _builder_version=&#8221;4.27.4&#8243; _module_preset=&#8221;11cc6ed3-103b-434a-b071-d7c0abc45071&#8243; text_text_color=&#8221;#00AFF5&#8243; hover_enabled=&#8221;0&#8243; locked=&#8221;off&#8221; global_colors_info=&#8221;{}&#8221; sticky_enabled=&#8221;0&#8243;]<\/p>\n<p>Updated 30. October 2025<\/p>\n<p>[\/et_pb_text][et_pb_text _builder_version=&#8221;4.27.2&#8243; _module_preset=&#8221;11cc6ed3-103b-434a-b071-d7c0abc45071&#8243; text_text_color=&#8221;#FFFFFF&#8221; global_colors_info=&#8221;{}&#8221;]In Rumag Skilt og Reklame AS we   are committed to the principles of sustainability, environmental responsibility and uncompromising quality for our services and products. We recognize our role in contributing positive for the environment, society and our customers. This policy outlines our commitment to these core principles.[\/et_pb_text][\/et_pb_column][\/et_pb_row][et_pb_row column_structure=&#8221;1_3,1_3,1_3&#8243; custom_padding_last_edited=&#8221;off|desktop&#8221; _builder_version=&#8221;4.27.2&#8243; _module_preset=&#8221;default&#8221; width=&#8221;90%&#8221; max_width=&#8221;1680px&#8221; custom_margin=&#8221;||||false|false&#8221; custom_padding_tablet=&#8221;50px||||false|false&#8221; global_colors_info=&#8221;{}&#8221;][et_pb_column type=&#8221;1_3&#8243; _builder_version=&#8221;4.16&#8243; _module_preset=&#8221;default&#8221; global_colors_info=&#8221;{}&#8221;][et_pb_text _builder_version=&#8221;4.27.2&#8243; _module_preset=&#8221;11cc6ed3-103b-434a-b071-d7c0abc45071&#8243; text_text_color=&#8221;#FFFFFF&#8221; header_4_text_color=&#8221;#A88A3F&#8221; custom_margin=&#8221;||10px||false|false&#8221; global_colors_info=&#8221;{}&#8221;]<\/p>\n<h4>Sustainability<\/h4>\n<p>[\/et_pb_text][et_pb_text _builder_version=&#8221;4.27.2&#8243; _module_preset=&#8221;11cc6ed3-103b-434a-b071-d7c0abc45071&#8243; text_text_color=&#8221;#FFFFFF&#8221; global_colors_info=&#8221;{}&#8221;]\u2022\tEnvironmental responsibility<br \/>\n\u2022\tSocial responsibility<br \/>\n\u2022\tEconomic sustainability[\/et_pb_text][\/et_pb_column][et_pb_column type=&#8221;1_3&#8243; _builder_version=&#8221;4.16&#8243; _module_preset=&#8221;default&#8221; global_colors_info=&#8221;{}&#8221;][et_pb_text _builder_version=&#8221;4.27.2&#8243; _module_preset=&#8221;11cc6ed3-103b-434a-b071-d7c0abc45071&#8243; text_text_color=&#8221;#FFFFFF&#8221; header_4_text_color=&#8221;#A88A3F&#8221; custom_margin=&#8221;||10px||false|false&#8221; global_colors_info=&#8221;{}&#8221;]<\/p>\n<h4>Environment<\/h4>\n<p>[\/et_pb_text][et_pb_text _builder_version=&#8221;4.27.2&#8243; _module_preset=&#8221;11cc6ed3-103b-434a-b071-d7c0abc45071&#8243; text_text_color=&#8221;#FFFFFF&#8221; global_colors_info=&#8221;{}&#8221;]\u2022\tCompliance<br \/>\n\u2022\tResource conservation<br \/>\n\u2022\tPollution prevention [\/et_pb_text][\/et_pb_column][et_pb_column type=&#8221;1_3&#8243; _builder_version=&#8221;4.16&#8243; _module_preset=&#8221;default&#8221; global_colors_info=&#8221;{}&#8221;][et_pb_text _builder_version=&#8221;4.27.2&#8243; _module_preset=&#8221;11cc6ed3-103b-434a-b071-d7c0abc45071&#8243; text_text_color=&#8221;#FFFFFF&#8221; header_4_text_color=&#8221;#A88A3F&#8221; custom_margin=&#8221;||10px||false|false&#8221; global_colors_info=&#8221;{}&#8221;]<\/p>\n<h4>Quality<\/h4>\n<p>[\/et_pb_text][et_pb_text _builder_version=&#8221;4.27.2&#8243; _module_preset=&#8221;11cc6ed3-103b-434a-b071-d7c0abc45071&#8243; text_text_color=&#8221;#FFFFFF&#8221; global_colors_info=&#8221;{}&#8221;]\u2022\tCustomer satisfaction<br \/>\n\u2022\tContinuous improvement<br \/>\n\u2022\tEmployee involvement[\/et_pb_text][\/et_pb_column][\/et_pb_row][et_pb_row custom_padding_last_edited=&#8221;off|desktop&#8221; _builder_version=&#8221;4.27.2&#8243; _module_preset=&#8221;default&#8221; width=&#8221;90%&#8221; max_width=&#8221;1680px&#8221; custom_margin=&#8221;||||false|false&#8221; custom_padding=&#8221;||||false|false&#8221; custom_padding_tablet=&#8221;50px||||false|false&#8221; global_colors_info=&#8221;{}&#8221;][et_pb_column type=&#8221;4_4&#8243; _builder_version=&#8221;4.16&#8243; _module_preset=&#8221;default&#8221; global_colors_info=&#8221;{}&#8221;][et_pb_text _builder_version=&#8221;4.27.2&#8243; _module_preset=&#8221;11cc6ed3-103b-434a-b071-d7c0abc45071&#8243; text_text_color=&#8221;#FFFFFF&#8221; global_colors_info=&#8221;{}&#8221;]<\/p>\n<p><strong>Management<\/strong><br \/>The organization&#8217;s top management must establish, implement and maintain this policy.<\/p>\n<p><strong>Employees<br \/><\/strong>All employees are responsible for following this policy and must actively participate in sustainability, environmental and quality initiatives.<\/p>\n<p><strong>Internal environment:<\/strong><br \/>The scope also includes the internal environment of the organization, which covers conditions related to health, safety and well-being in the workplace. This includes factors such as indoor climate, noise, lighting conditions, chemical handling and ergonomics, as well as a good psychosocial working environment. The goal is to ensure a working environment that promotes well-being, efficiency and quality in work.<\/p>\n<p><strong>Suppliers<br \/><\/strong>We expect our suppliers to comply with our sustainability, environmental and quality goals.<\/p>\n<p><strong>Reporting and transparency<br \/><\/strong>We are committed to reporting on our environmental and quality performance, and sharing progress towards our sustainability goals with all interested parties who request our performance. We maintain transparency in our initiatives and achievements.<\/p>\n<p><strong>Continuous improvement<br \/><\/strong>We continuously assess our practices, set targets and monitor our progress towards sustainability, environmental responsibility and quality.<\/p>\n<p><strong>Conclusion<br \/><\/strong>We at Rumag Skilt &amp; Reklame AS consider sustainability, environmental responsibility and quality to be fundamental to our identity and success. This policy guides our actions and decisions as we work towards a sustainable, environmentally conscious and quality-driven future.<\/p>\n<p>&nbsp;<\/p>\n<p>[\/et_pb_text][\/et_pb_column][\/et_pb_row][et_pb_row column_structure=&#8221;1_4,1_4,1_4,1_4&#8243; custom_padding_last_edited=&#8221;on|phone&#8221; _builder_version=&#8221;4.16&#8243; _module_preset=&#8221;default&#8221; width=&#8221;90%&#8221; max_width=&#8221;1680px&#8221; custom_padding=&#8221;100px||50px||false|false&#8221; custom_padding_tablet=&#8221;&#8221; custom_padding_phone=&#8221;&#8221; global_colors_info=&#8221;{}&#8221;][et_pb_column type=&#8221;1_4&#8243; _builder_version=&#8221;4.16&#8243; _module_preset=&#8221;default&#8221; global_colors_info=&#8221;{}&#8221;][et_pb_image src=&#8221;https:\/\/rumag.com\/wp-content\/uploads\/2025\/09\/mark-of-trust-certified-ISO-9001-quality-management-systems-white-logo-En-GB-1019-1.svg&#8221; title_text=&#8221;mark-of-trust-certified-ISO-9001-quality-management-systems-white-logo-En-GB-1019&#8243; align=&#8221;center&#8221; _builder_version=&#8221;4.27.4&#8243; _module_preset=&#8221;default&#8221; width=&#8221;220px&#8221; max_width=&#8221;220px&#8221; global_colors_info=&#8221;{}&#8221;][\/et_pb_image][\/et_pb_column][et_pb_column type=&#8221;1_4&#8243; _builder_version=&#8221;4.16&#8243; _module_preset=&#8221;default&#8221; global_colors_info=&#8221;{}&#8221;][et_pb_image src=&#8221;https:\/\/rumag.com\/wp-content\/uploads\/2025\/09\/mark-of-trust-certified-ISO-14001-environmental-management-white-logo-En-GB-1019-1.svg&#8221; title_text=&#8221;mark-of-trust-certified-ISO-14001-environmental-management-white-logo-En-GB-1019&#8243; align=&#8221;center&#8221; _builder_version=&#8221;4.27.4&#8243; _module_preset=&#8221;default&#8221; width=&#8221;220px&#8221; max_width=&#8221;220px&#8221; global_colors_info=&#8221;{}&#8221;][\/et_pb_image][\/et_pb_column][et_pb_column type=&#8221;1_4&#8243; _builder_version=&#8221;4.16&#8243; _module_preset=&#8221;default&#8221; global_colors_info=&#8221;{}&#8221;][et_pb_image src=&#8221;https:\/\/rumag.com\/wp-content\/uploads\/2020\/11\/JQS-Member-Stamp-Neg.png&#8221; title_text=&#8221;JQS Member Stamp Neg&#8221; align=&#8221;center&#8221; _builder_version=&#8221;4.16&#8243; _module_preset=&#8221;default&#8221; width=&#8221;220px&#8221; max_width=&#8221;220px&#8221; global_colors_info=&#8221;{}&#8221;][\/et_pb_image][\/et_pb_column][et_pb_column type=&#8221;1_4&#8243; _builder_version=&#8221;4.16&#8243; _module_preset=&#8221;default&#8221; global_colors_info=&#8221;{}&#8221;][et_pb_text _builder_version=&#8221;4.16&#8243; _module_preset=&#8221;default&#8221; background_color=&#8221;#ffffff&#8221; text_orientation=&#8221;center&#8221; width=&#8221;220px&#8221; max_width=&#8221;220px&#8221; module_alignment=&#8221;center&#8221; custom_padding=&#8221;18px|0px|14px|18px|false|false&#8221; border_radii=&#8221;on|30px|30px|30px|30px&#8221; box_shadow_style=&#8221;preset3&#8243; global_colors_info=&#8221;{}&#8221;]<a href=\"https:\/\/fflive.bisnode.no\/981622774_NO_cbec14ea-8242-41bb-84b3-fb71c5039fe1\"><img decoding=\"async\" src=\"http:\/\/ratinglogo.kredittverdig.no\/laurels\/side\/livelogo_981622774.png\" loading=\"lazy\" \/><\/a>[\/et_pb_text][\/et_pb_column][\/et_pb_row][\/et_pb_section]<\/p>\n","protected":false},"excerpt":{"rendered":"<p>We are the leading signage and decor manufacturer in the south-westEver since our humble beginnings in 1970, Rumag skilt og reklame have gained a lot of leverage in the field of signage. The immense number of projects have all of them been a part of our learning process. We have a leading position with an [&hellip;]<\/p>\n","protected":false},"author":4,"featured_media":0,"parent":0,"menu_order":0,"comment_status":"closed","ping_status":"closed","template":"","meta":{"_et_pb_use_builder":"on","_et_pb_old_content":"","_et_gb_content_width":"","inline_featured_image":false,"footnotes":""},"class_list":["post-1732","page","type-page","status-publish","hentry"],"_links":{"self":[{"href":"https:\/\/rumag.com\/en\/wp-json\/wp\/v2\/pages\/1732","targetHints":{"allow":["GET"]}}],"collection":[{"href":"https:\/\/rumag.com\/en\/wp-json\/wp\/v2\/pages"}],"about":[{"href":"https:\/\/rumag.com\/en\/wp-json\/wp\/v2\/types\/page"}],"author":[{"embeddable":true,"href":"https:\/\/rumag.com\/en\/wp-json\/wp\/v2\/users\/4"}],"replies":[{"embeddable":true,"href":"https:\/\/rumag.com\/en\/wp-json\/wp\/v2\/comments?post=1732"}],"version-history":[{"count":0,"href":"https:\/\/rumag.com\/en\/wp-json\/wp\/v2\/pages\/1732\/revisions"}],"wp:attachment":[{"href":"https:\/\/rumag.com\/en\/wp-json\/wp\/v2\/media?parent=1732"}],"curies":[{"name":"wp","href":"https:\/\/api.w.org\/{rel}","templated":true}]}}