{"id":1765,"date":"2020-11-13T00:30:58","date_gmt":"2020-11-12T23:30:58","guid":{"rendered":"https:\/\/www.staging2.rumag.com\/kvalitet-og-miljo\/"},"modified":"2021-09-22T12:48:44","modified_gmt":"2021-09-22T10:48:44","slug":"quality","status":"publish","type":"page","link":"https:\/\/rumag.com\/en\/quality\/","title":{"rendered":"Quality"},"content":{"rendered":"<p>[et_pb_section fb_built=&#8221;1&#8243; _builder_version=&#8221;4.6.6&#8243; _module_preset=&#8221;default&#8221;][et_pb_row _builder_version=&#8221;4.6.6&#8243; _module_preset=&#8221;default&#8221;][et_pb_column type=&#8221;4_4&#8243; _builder_version=&#8221;4.6.6&#8243; _module_preset=&#8221;default&#8221;][et_pb_text _builder_version=&#8221;4.6.6&#8243; _module_preset=&#8221;default&#8221;]<\/p>\n<h1>Om Rumag<\/h1>\n<p>[\/et_pb_text][\/et_pb_column][\/et_pb_row][et_pb_row _builder_version=&#8221;4.6.6&#8243; _module_preset=&#8221;default&#8221;][et_pb_column _builder_version=&#8221;4.6.6&#8243; _module_preset=&#8221;default&#8221; type=&#8221;4_4&#8243;][et_pb_text _builder_version=&#8221;4.6.6&#8243; _module_preset=&#8221;default&#8221; hover_enabled=&#8221;0&#8243; sticky_enabled=&#8221;0&#8243;]<\/p>\n<p>Siden oppstarten i 1970 har vi i Rumag skilt og reklame opparbeidet oss en unik kompetanse innenfor v\u00e5rt felt. Prosjektene og utfordringene har v\u00e6rt mange opp gjennom tiden og alle prosjekter har l\u00e6rt oss noe nytt. Vi har derfor en ledende kompetanse innen sikkerhets- og informasjonsskilting b\u00e5de on- og offshore, og leverer komplette prosjektl\u00f8sninger for store og sm\u00e5 kunder i henhold til gjeldende lover og regler.<\/p>\n<p>Skilt og dekor omfatter et stort produktomr\u00e5de og mulighetene og variasjonene er mange. Vi tar alle typer oppdrag og skal v\u00e6re en foretrukket leverand\u00f8r for de kvalitetsbevisste.<\/p>\n<p>Ingen prosjekt er for store eller sm\u00e5, om det er skilt; bannere, flagg, bil- eller vindusdekor.<br \/> Med en skiltallianse i ryggen er vi ogs\u00e5 beredt p\u00e5 \u00e5 ta oppdrag i Norge og ut i hele verden om det trengs.<\/p>\n<p>V\u00e5r viktigste oppgave er \u00e5 levere kvalitet i alle ledd og sikre en h\u00e5ndverksmessig korrekt produksjon og ferdigstillelse. Vi kan ogs\u00e5 v\u00e6re behjelpelig med design og utforming av logoer og videre profileringsarbeid. Uansett hvor og hvordan du \u00f8nsker \u00e5 profilere din bedrift hjelper vi deg med \u00e5 finne den beste l\u00f8sningen. Rumag er en leverand\u00f8r fra A til \u00c5.<\/p>\n<p>Engineering, design, produksjon, montasje og dokumentasjon.<\/p>\n<p>[\/et_pb_text][\/et_pb_column][\/et_pb_row][\/et_pb_section]<\/p>\n","protected":false},"excerpt":{"rendered":"<p>Om RumagSiden oppstarten i 1970 har vi i Rumag skilt og reklame opparbeidet oss en unik kompetanse innenfor v\u00e5rt felt. Prosjektene og utfordringene har v\u00e6rt mange opp gjennom tiden og alle prosjekter har l\u00e6rt oss noe nytt. Vi har derfor en ledende kompetanse innen sikkerhets- og informasjonsskilting b\u00e5de on- og offshore, og leverer komplette prosjektl\u00f8sninger [&hellip;]<\/p>\n","protected":false},"author":4,"featured_media":0,"parent":0,"menu_order":0,"comment_status":"closed","ping_status":"closed","template":"","meta":{"_et_pb_use_builder":"on","_et_pb_old_content":"","_et_gb_content_width":"","inline_featured_image":false,"footnotes":""},"class_list":["post-1765","page","type-page","status-publish","hentry"],"_links":{"self":[{"href":"https:\/\/rumag.com\/en\/wp-json\/wp\/v2\/pages\/1765","targetHints":{"allow":["GET"]}}],"collection":[{"href":"https:\/\/rumag.com\/en\/wp-json\/wp\/v2\/pages"}],"about":[{"href":"https:\/\/rumag.com\/en\/wp-json\/wp\/v2\/types\/page"}],"author":[{"embeddable":true,"href":"https:\/\/rumag.com\/en\/wp-json\/wp\/v2\/users\/4"}],"replies":[{"embeddable":true,"href":"https:\/\/rumag.com\/en\/wp-json\/wp\/v2\/comments?post=1765"}],"version-history":[{"count":0,"href":"https:\/\/rumag.com\/en\/wp-json\/wp\/v2\/pages\/1765\/revisions"}],"wp:attachment":[{"href":"https:\/\/rumag.com\/en\/wp-json\/wp\/v2\/media?parent=1765"}],"curies":[{"name":"wp","href":"https:\/\/api.w.org\/{rel}","templated":true}]}}